{"id":35,"date":"2021-02-26T13:46:51","date_gmt":"2021-02-26T12:46:51","guid":{"rendered":"https:\/\/fiebig-bau.com\/?page_id=35"},"modified":"2025-12-21T19:40:37","modified_gmt":"2025-12-21T18:40:37","slug":"startseite","status":"publish","type":"page","link":"https:\/\/fiebig-bau.com\/es\/","title":{"rendered":"Fiebig Bau S.L."},"content":{"rendered":"<div style=\"width: 1230px;\" class=\"wp-video\"><video class=\"wp-video-shortcode\" id=\"video-35-3\" width=\"1230\" height=\"692\" preload=\"metadata\" controls=\"controls\"><source type=\"video\/mp4\" src=\"https:\/\/fiebig-bau.com\/wp-content\/uploads\/2024\/05\/fiebig-bau-sl_komprimiert.mp4?_=3\" \/><a href=\"https:\/\/fiebig-bau.com\/wp-content\/uploads\/2024\/05\/fiebig-bau-sl_komprimiert.mp4\">https:\/\/fiebig-bau.com\/wp-content\/uploads\/2024\/05\/fiebig-bau-sl_komprimiert.mp4<\/a><\/video><\/div>\r\n<p><strong>1\u00aa propiedad<\/strong><\/p>\r\n<p>Todos los comienzos son dif\u00edciles y resulta que sobre todo al comprar su primera propiedad en Mallorca surgen muchas preguntas.<\/p>\r\n<ul>\r\n<li>Qu\u00e9 lugar se ajusta a mis necesidades<\/li>\r\n<li>\u00bfC\u00f3mo quiero utilizar la propiedad? \u00bfInversi\u00f3n inmobiliaria?<\/li>\r\n<li>\u00bfPueden mis deseos de un nuevo edificio tambi\u00e9n aplicarse legalmente en la zona deseada?<\/li>\r\n<li>\u00bfQu\u00e9 costes adicionales tendr\u00e9 que pagar?<\/li>\r\n<li>\u00bfC\u00f3mo puedo aprovechar al m\u00e1ximo mi presupuesto?<\/li>\r\n<li>\u00bfVale la pena el nuevo edificio o lo tengo convertido?<\/li>\r\n<\/ul>\r\n<p>Para todas estas cuestiones y muchas m\u00e1s, estaremos encantados de atenderle y ayudarle con un asesoramiento competente para adaptar sus necesidades individuales a las circunstancias.<br \/>necesidades individuales a las circunstancias<\/p>\r\n<p>&nbsp;<\/p>\r\n<p><br \/><strong>2\u00aa fase de construcci\u00f3n &#8211; construcci\u00f3n del armaz\u00f3n<\/strong><\/p>\r\n<p>Muchos de los que ya han tratado el tema de la construcci\u00f3n en Mallorca, saben de los numerosos casos de empresas constructoras fracasadas y de los incalculables costes, que tienen que registrar los afectados.<\/p>\r\n<p>Gracias a nuestra combinaci\u00f3n de d\u00e9cadas de experiencia en el sector de la construcci\u00f3n en Alemania y en Mallorca, garantizamos un concepto y una ejecuci\u00f3n de su obra sin preocupaciones.<\/p>\r\n<p>Los continuos informes de estado y el \u00f3ptimo apoyo a la construcci\u00f3n por parte de los arquitectos y directores de proyecto, le garantizan una visi\u00f3n permanente de lo que est\u00e1 ocurriendo incluso fuera de Mallorca en cualquier momento.<\/p>\r\n<p>&nbsp;<\/p>\r\n<p><br \/><strong>3\u00aa Finalizaci\u00f3n<\/strong><\/p>\r\n<p>Al final siempre queda el resultado y, por tanto, una propiedad que ha sido dise\u00f1ada seg\u00fan sus deseos y que puede considerarse una inversi\u00f3n. Nuestro objetivo es crear la mejor soluci\u00f3n para el cliente dentro de los medios financieros y las necesidades individuales. La comprensi\u00f3n y la realizaci\u00f3n de un inmueble a arreglar que tambi\u00e9n todav\u00eda despu\u00e9s de d\u00e9cadas de existencia tiene, representa nuestra concepci\u00f3n de la cultura de construcci\u00f3n alemana en Mallorca.<\/p>\r\n<p>&nbsp;<\/p>\r\n<p><br \/><strong>4. inversi\u00f3n<\/strong><\/p>\r\n<p>La situaci\u00f3n econ\u00f3mica y el avance de una pol\u00edtica de tipos de inter\u00e9s del 0% que prevalece en gran medida, suele dejar poco margen para invertir su dinero de forma rentable y segura.<\/p>\r\n<p>Para todos aquellos para los que la compra de una propiedad est\u00e1 fuera de la cuesti\u00f3n o no es econ\u00f3micamente viable, por la posibilidad de que el repunte de la industria inmobiliaria y la industria de la construcci\u00f3n en Mallorca para beneficiarse.<\/p>\r\n<p>Nosotros, como empresa constructora alemana, defendemos un producto como inversi\u00f3n de capital que se adapta mediante un ajuste optimizado a las finanzas de nuestros clientes y a su periodo de inversi\u00f3n.<\/p>\r\n<p>Se trata de un inter\u00e9s fijo y garantizado por la inversi\u00f3n de capital de la carga inmobiliaria, con un tipo de inter\u00e9s de entre el 5% y el 9% anual. El plazo va desde una inversi\u00f3n a corto plazo de un a\u00f1o hasta contratos con una duraci\u00f3n de 5 a\u00f1os.<\/p>\r\n<p>Adem\u00e1s, nuestros inversores est\u00e1n siempre informados de las atractivas ofertas inmobiliarias que, tras la reconversi\u00f3n o la nueva construcci\u00f3n, pueden alcanzar una rentabilidad realista a corto y medio plazo del 10% al 25% por encima de los anteriores gastos de capital.<\/p>","protected":false},"excerpt":{"rendered":"<p>1\u00aa propiedad Todos los comienzos son dif\u00edciles y resulta que&hellip;<a href=\"https:\/\/fiebig-bau.com\/es\/\" class=\"more-link\"><span class=\"more-button\">Mehr zum Thema<span class=\"screen-reader-text\">Fiebig Bau S.L.<\/span><\/span><\/a><\/p>\n","protected":false},"author":1,"featured_media":0,"parent":0,"menu_order":0,"comment_status":"closed","ping_status":"closed","template":"templates\/full-width-page.php","meta":{"footnotes":""},"class_list":["post-35","page","type-page","status-publish","hentry"],"_links":{"self":[{"href":"https:\/\/fiebig-bau.com\/es\/wp-json\/wp\/v2\/pages\/35","targetHints":{"allow":["GET"]}}],"collection":[{"href":"https:\/\/fiebig-bau.com\/es\/wp-json\/wp\/v2\/pages"}],"about":[{"href":"https:\/\/fiebig-bau.com\/es\/wp-json\/wp\/v2\/types\/page"}],"author":[{"embeddable":true,"href":"https:\/\/fiebig-bau.com\/es\/wp-json\/wp\/v2\/users\/1"}],"replies":[{"embeddable":true,"href":"https:\/\/fiebig-bau.com\/es\/wp-json\/wp\/v2\/comments?post=35"}],"version-history":[{"count":21,"href":"https:\/\/fiebig-bau.com\/es\/wp-json\/wp\/v2\/pages\/35\/revisions"}],"predecessor-version":[{"id":445,"href":"https:\/\/fiebig-bau.com\/es\/wp-json\/wp\/v2\/pages\/35\/revisions\/445"}],"wp:attachment":[{"href":"https:\/\/fiebig-bau.com\/es\/wp-json\/wp\/v2\/media?parent=35"}],"curies":[{"name":"wp","href":"https:\/\/api.w.org\/{rel}","templated":true}]}}