{"id":25,"date":"2021-02-26T13:36:22","date_gmt":"2021-02-26T12:36:22","guid":{"rendered":"https:\/\/fiebig-bau.com\/?page_id=25"},"modified":"2021-03-22T12:56:51","modified_gmt":"2021-03-22T11:56:51","slug":"warum-fiebig-bau-s-l","status":"publish","type":"page","link":"https:\/\/fiebig-bau.com\/es\/warum-fiebig-bau-s-l\/","title":{"rendered":"\u00bfPor qu\u00e9 Fiebig Bau S.L.?"},"content":{"rendered":"<p><strong>Lo que planificamos, tambi\u00e9n lo ponemos en pr\u00e1ctica.<\/strong><\/p>\n<p>A trav\u00e9s de muchos a\u00f1os de experiencia en Mallorca desde 1993 y la experiencia necesaria, nosotros en Fiebig Bau S.L. somos capaces de realizar incluso los proyectos de construcci\u00f3n m\u00e1s exigentes con una artesan\u00eda perfecta.<\/p>\n<p>Construimos con calidad sostenible y ofrecemos una cooperaci\u00f3n justa y de confianza. Con uno de nuestros jefes de obra, nuestros clientes tienen una persona de contacto competente en la obra durante toda la fase de planificaci\u00f3n y construcci\u00f3n hasta la entrega.<\/p>\n<p>Nuestro eficaz proceso de trabajo hace que no se produzcan retrasos innecesarios, ya que adquirimos los materiales y la maquinaria in situ.<\/p>\n<p>Afrontamos los retos que surgen durante el proyecto de construcci\u00f3n con transparencia y los resolvemos a satisfacci\u00f3n de ambas partes.<\/p>\n<p>Actuamos con el objetivo de completar los proyectos de forma econ\u00f3mica. Mostramos sentido de la responsabilidad por nuestras acciones y prestamos atenci\u00f3n a la salud y la protecci\u00f3n de nuestros empleados. Entre otras cosas, esto incluye naturalmente el cumplimiento de las horas de trabajo y los tiempos de descanso.<\/p>\n<p>Cuando trabajamos en equipo, aprovechamos las habilidades y la experiencia existentes. Construimos buenas relaciones y creamos as\u00ed un valor a\u00f1adido para nosotros, nuestros clientes y todos los que trabajan con nosotros.<\/p>\n<p>Nos atenemos a nuestras afirmaciones y, por tanto, somos un socio fiable para nuestros clientes.<\/p>","protected":false},"excerpt":{"rendered":"<p>Lo que planificamos, tambi\u00e9n lo ponemos en pr\u00e1ctica. A trav\u00e9s&hellip;<a href=\"https:\/\/fiebig-bau.com\/es\/warum-fiebig-bau-s-l\/\" class=\"more-link\"><span class=\"more-button\">Mehr zum Thema<span class=\"screen-reader-text\">\u00bfPor qu\u00e9 Fiebig Bau S.L.?<\/span><\/span><\/a><\/p>\n","protected":false},"author":1,"featured_media":0,"parent":0,"menu_order":0,"comment_status":"closed","ping_status":"closed","template":"","meta":{"footnotes":""},"class_list":["post-25","page","type-page","status-publish","hentry"],"_links":{"self":[{"href":"https:\/\/fiebig-bau.com\/es\/wp-json\/wp\/v2\/pages\/25","targetHints":{"allow":["GET"]}}],"collection":[{"href":"https:\/\/fiebig-bau.com\/es\/wp-json\/wp\/v2\/pages"}],"about":[{"href":"https:\/\/fiebig-bau.com\/es\/wp-json\/wp\/v2\/types\/page"}],"author":[{"embeddable":true,"href":"https:\/\/fiebig-bau.com\/es\/wp-json\/wp\/v2\/users\/1"}],"replies":[{"embeddable":true,"href":"https:\/\/fiebig-bau.com\/es\/wp-json\/wp\/v2\/comments?post=25"}],"version-history":[{"count":4,"href":"https:\/\/fiebig-bau.com\/es\/wp-json\/wp\/v2\/pages\/25\/revisions"}],"predecessor-version":[{"id":277,"href":"https:\/\/fiebig-bau.com\/es\/wp-json\/wp\/v2\/pages\/25\/revisions\/277"}],"wp:attachment":[{"href":"https:\/\/fiebig-bau.com\/es\/wp-json\/wp\/v2\/media?parent=25"}],"curies":[{"name":"wp","href":"https:\/\/api.w.org\/{rel}","templated":true}]}}